{"id":2528,"date":"2020-03-18T16:25:38","date_gmt":"2020-03-18T20:25:38","guid":{"rendered":"https:\/\/louisenaud.com\/produit\/on-samuse-apres-lecole-papier-carton\/"},"modified":"2021-08-18T11:54:14","modified_gmt":"2021-08-18T15:54:14","slug":"on-samuse-apres-lecole","status":"publish","type":"product","link":"https:\/\/louisenaud.com\/en\/produit\/on-samuse-apres-lecole\/","title":{"rendered":"On s&#8217;amuse apr\u00e8s l&#8217;\u00e9cole"},"content":{"rendered":"","protected":false},"excerpt":{"rendered":"<p>Image size: 9&#8243; x 11,5 &#8221;<br \/>\nTotal size: 9&#8243; x 14 &#8221;<\/p>\n<p>Reproduction of the artwork on 140 g. acid free paper.<br \/>\nAuthenticity certificate included.<br \/>\nCompatible with 11&#8243; x\u00a0 14 &#8221; format framing without mat.<\/p>\n<p>Numbered, titled and signed.<\/p>\n","protected":false},"featured_media":4819,"template":"","meta":[],"product_brand":[],"product_cat":[81,63],"product_tag":[483,511,512,513,444,446,447],"class_list":{"0":"post-2528","1":"product","2":"type-product","3":"status-publish","4":"has-post-thumbnail","6":"product_cat-giclee-paper-print","7":"product_cat-new-arrival","8":"product_tag-cadeau-en","9":"product_tag-exposition-2-en","10":"product_tag-idee-en","11":"product_tag-oeuvre-en","12":"product_tag-quebec-en-2","13":"product_tag-tableau-en","14":"product_tag-toile-en-2","16":"first","17":"instock","18":"taxable","19":"shipping-taxable","20":"purchasable","21":"product-type-simple"},"yoast_head":"<!-- This site is optimized with the Yoast SEO plugin v27.2 - https:\/\/yoast.com\/product\/yoast-seo-wordpress\/ -->\n<title>On s&#039;amuse apr\u00e8s l&#039;\u00e9cole - Cr\u00e9ations Louise Naud<\/title>\n<meta name=\"description\" content=\"Reproduction of the artwork on 140g. acid free paper. Authenticity certificate included. Compatible with 11&quot; x 14&quot; format framing without mat. Numbered, titled and signed.\" \/>\n<meta name=\"robots\" content=\"index, follow, max-snippet:-1, max-image-preview:large, max-video-preview:-1\" \/>\n<link rel=\"canonical\" href=\"https:\/\/louisenaud.com\/en\/produit\/on-samuse-apres-lecole\/\" \/>\n<meta property=\"og:locale\" content=\"en_US\" \/>\n<meta property=\"og:type\" content=\"article\" \/>\n<meta property=\"og:title\" content=\"On s&#039;amuse apr\u00e8s l&#039;\u00e9cole - Cr\u00e9ations Louise Naud\" \/>\n<meta property=\"og:description\" content=\"Reproduction of the artwork on 140g. acid free paper. Authenticity certificate included. Compatible with 11&quot; x 14&quot; format framing without mat. Numbered, titled and signed.\" \/>\n<meta property=\"og:url\" content=\"https:\/\/louisenaud.com\/en\/produit\/on-samuse-apres-lecole\/\" \/>\n<meta property=\"og:site_name\" content=\"Louise Naud\" \/>\n<meta property=\"article:modified_time\" content=\"2021-08-18T15:54:14+00:00\" \/>\n<meta property=\"og:image\" content=\"https:\/\/louisenaud.com\/wp-content\/uploads\/2020\/03\/On-samuse-apres-lecole_Papier.jpg\" \/>\n\t<meta property=\"og:image:width\" content=\"625\" \/>\n\t<meta property=\"og:image:height\" content=\"521\" \/>\n\t<meta property=\"og:image:type\" content=\"image\/jpeg\" \/>\n<meta name=\"twitter:card\" content=\"summary_large_image\" \/>\n<script type=\"application\/ld+json\" class=\"yoast-schema-graph\">{\"@context\":\"https:\/\/schema.org\",\"@graph\":[{\"@type\":\"WebPage\",\"@id\":\"https:\/\/louisenaud.com\/en\/produit\/on-samuse-apres-lecole\/\",\"url\":\"https:\/\/louisenaud.com\/en\/produit\/on-samuse-apres-lecole\/\",\"name\":\"On s'amuse apr\u00e8s l'\u00e9cole - Cr\u00e9ations Louise Naud\",\"isPartOf\":{\"@id\":\"https:\/\/louisenaud.com\/en\/#website\"},\"primaryImageOfPage\":{\"@id\":\"https:\/\/louisenaud.com\/en\/produit\/on-samuse-apres-lecole\/#primaryimage\"},\"image\":{\"@id\":\"https:\/\/louisenaud.com\/en\/produit\/on-samuse-apres-lecole\/#primaryimage\"},\"thumbnailUrl\":\"https:\/\/louisenaud.com\/wp-content\/uploads\/2020\/03\/On-samuse-apres-lecole_Papier-600x500-1.jpg\",\"datePublished\":\"2020-03-18T20:25:38+00:00\",\"dateModified\":\"2021-08-18T15:54:14+00:00\",\"description\":\"Reproduction of the artwork on 140g. acid free paper. Authenticity certificate included. Compatible with 11\\\" x 14\\\" format framing without mat. Numbered, titled and signed.\",\"breadcrumb\":{\"@id\":\"https:\/\/louisenaud.com\/en\/produit\/on-samuse-apres-lecole\/#breadcrumb\"},\"inLanguage\":\"en-US\",\"potentialAction\":[{\"@type\":\"ReadAction\",\"target\":[\"https:\/\/louisenaud.com\/en\/produit\/on-samuse-apres-lecole\/\"]}]},{\"@type\":\"ImageObject\",\"inLanguage\":\"en-US\",\"@id\":\"https:\/\/louisenaud.com\/en\/produit\/on-samuse-apres-lecole\/#primaryimage\",\"url\":\"https:\/\/louisenaud.com\/wp-content\/uploads\/2020\/03\/On-samuse-apres-lecole_Papier-600x500-1.jpg\",\"contentUrl\":\"https:\/\/louisenaud.com\/wp-content\/uploads\/2020\/03\/On-samuse-apres-lecole_Papier-600x500-1.jpg\",\"width\":600,\"height\":500},{\"@type\":\"BreadcrumbList\",\"@id\":\"https:\/\/louisenaud.com\/en\/produit\/on-samuse-apres-lecole\/#breadcrumb\",\"itemListElement\":[{\"@type\":\"ListItem\",\"position\":1,\"name\":\"Accueil\",\"item\":\"https:\/\/louisenaud.com\/en\/\"},{\"@type\":\"ListItem\",\"position\":2,\"name\":\"Shop\",\"item\":\"https:\/\/louisenaud.com\/en\/boutique\/\"},{\"@type\":\"ListItem\",\"position\":3,\"name\":\"On s&#8217;amuse apr\u00e8s l&#8217;\u00e9cole\"}]},{\"@type\":\"WebSite\",\"@id\":\"https:\/\/louisenaud.com\/en\/#website\",\"url\":\"https:\/\/louisenaud.com\/en\/\",\"name\":\"Louise Naud\",\"description\":\"\",\"potentialAction\":[{\"@type\":\"SearchAction\",\"target\":{\"@type\":\"EntryPoint\",\"urlTemplate\":\"https:\/\/louisenaud.com\/en\/?s={search_term_string}\"},\"query-input\":{\"@type\":\"PropertyValueSpecification\",\"valueRequired\":true,\"valueName\":\"search_term_string\"}}],\"inLanguage\":\"en-US\"}]}<\/script>\n<!-- \/ Yoast SEO plugin. -->","yoast_head_json":{"title":"On s'amuse apr\u00e8s l'\u00e9cole - Cr\u00e9ations Louise Naud","description":"Reproduction of the artwork on 140g. acid free paper. Authenticity certificate included. Compatible with 11\" x 14\" format framing without mat. Numbered, titled and signed.","robots":{"index":"index","follow":"follow","max-snippet":"max-snippet:-1","max-image-preview":"max-image-preview:large","max-video-preview":"max-video-preview:-1"},"canonical":"https:\/\/louisenaud.com\/en\/produit\/on-samuse-apres-lecole\/","og_locale":"en_US","og_type":"article","og_title":"On s'amuse apr\u00e8s l'\u00e9cole - Cr\u00e9ations Louise Naud","og_description":"Reproduction of the artwork on 140g. acid free paper. Authenticity certificate included. Compatible with 11\" x 14\" format framing without mat. Numbered, titled and signed.","og_url":"https:\/\/louisenaud.com\/en\/produit\/on-samuse-apres-lecole\/","og_site_name":"Louise Naud","article_modified_time":"2021-08-18T15:54:14+00:00","og_image":[{"width":625,"height":521,"url":"https:\/\/louisenaud.com\/wp-content\/uploads\/2020\/03\/On-samuse-apres-lecole_Papier.jpg","type":"image\/jpeg"}],"twitter_card":"summary_large_image","schema":{"@context":"https:\/\/schema.org","@graph":[{"@type":"WebPage","@id":"https:\/\/louisenaud.com\/en\/produit\/on-samuse-apres-lecole\/","url":"https:\/\/louisenaud.com\/en\/produit\/on-samuse-apres-lecole\/","name":"On s'amuse apr\u00e8s l'\u00e9cole - Cr\u00e9ations Louise Naud","isPartOf":{"@id":"https:\/\/louisenaud.com\/en\/#website"},"primaryImageOfPage":{"@id":"https:\/\/louisenaud.com\/en\/produit\/on-samuse-apres-lecole\/#primaryimage"},"image":{"@id":"https:\/\/louisenaud.com\/en\/produit\/on-samuse-apres-lecole\/#primaryimage"},"thumbnailUrl":"https:\/\/louisenaud.com\/wp-content\/uploads\/2020\/03\/On-samuse-apres-lecole_Papier-600x500-1.jpg","datePublished":"2020-03-18T20:25:38+00:00","dateModified":"2021-08-18T15:54:14+00:00","description":"Reproduction of the artwork on 140g. acid free paper. Authenticity certificate included. Compatible with 11\" x 14\" format framing without mat. Numbered, titled and signed.","breadcrumb":{"@id":"https:\/\/louisenaud.com\/en\/produit\/on-samuse-apres-lecole\/#breadcrumb"},"inLanguage":"en-US","potentialAction":[{"@type":"ReadAction","target":["https:\/\/louisenaud.com\/en\/produit\/on-samuse-apres-lecole\/"]}]},{"@type":"ImageObject","inLanguage":"en-US","@id":"https:\/\/louisenaud.com\/en\/produit\/on-samuse-apres-lecole\/#primaryimage","url":"https:\/\/louisenaud.com\/wp-content\/uploads\/2020\/03\/On-samuse-apres-lecole_Papier-600x500-1.jpg","contentUrl":"https:\/\/louisenaud.com\/wp-content\/uploads\/2020\/03\/On-samuse-apres-lecole_Papier-600x500-1.jpg","width":600,"height":500},{"@type":"BreadcrumbList","@id":"https:\/\/louisenaud.com\/en\/produit\/on-samuse-apres-lecole\/#breadcrumb","itemListElement":[{"@type":"ListItem","position":1,"name":"Accueil","item":"https:\/\/louisenaud.com\/en\/"},{"@type":"ListItem","position":2,"name":"Shop","item":"https:\/\/louisenaud.com\/en\/boutique\/"},{"@type":"ListItem","position":3,"name":"On s&#8217;amuse apr\u00e8s l&#8217;\u00e9cole"}]},{"@type":"WebSite","@id":"https:\/\/louisenaud.com\/en\/#website","url":"https:\/\/louisenaud.com\/en\/","name":"Louise Naud","description":"","potentialAction":[{"@type":"SearchAction","target":{"@type":"EntryPoint","urlTemplate":"https:\/\/louisenaud.com\/en\/?s={search_term_string}"},"query-input":{"@type":"PropertyValueSpecification","valueRequired":true,"valueName":"search_term_string"}}],"inLanguage":"en-US"}]}},"_links":{"self":[{"href":"https:\/\/louisenaud.com\/en\/wp-json\/wp\/v2\/product\/2528","targetHints":{"allow":["GET"]}}],"collection":[{"href":"https:\/\/louisenaud.com\/en\/wp-json\/wp\/v2\/product"}],"about":[{"href":"https:\/\/louisenaud.com\/en\/wp-json\/wp\/v2\/types\/product"}],"wp:featuredmedia":[{"embeddable":true,"href":"https:\/\/louisenaud.com\/en\/wp-json\/wp\/v2\/media\/4819"}],"wp:attachment":[{"href":"https:\/\/louisenaud.com\/en\/wp-json\/wp\/v2\/media?parent=2528"}],"wp:term":[{"taxonomy":"product_brand","embeddable":true,"href":"https:\/\/louisenaud.com\/en\/wp-json\/wp\/v2\/product_brand?post=2528"},{"taxonomy":"product_cat","embeddable":true,"href":"https:\/\/louisenaud.com\/en\/wp-json\/wp\/v2\/product_cat?post=2528"},{"taxonomy":"product_tag","embeddable":true,"href":"https:\/\/louisenaud.com\/en\/wp-json\/wp\/v2\/product_tag?post=2528"}],"curies":[{"name":"wp","href":"https:\/\/api.w.org\/{rel}","templated":true}]}}